{"id":142,"date":"2021-02-16T17:27:16","date_gmt":"2021-02-16T16:27:16","guid":{"rendered":"http:\/\/waldorf-studio.pl\/?page_id=142"},"modified":"2023-06-19T15:49:53","modified_gmt":"2023-06-19T13:49:53","slug":"o-nas","status":"publish","type":"page","link":"https:\/\/waldorf-studio.pl\/index.php\/o-nas\/","title":{"rendered":"O Nas"},"content":{"rendered":"\n<div class=\"wp-block-columns is-layout-flex wp-container-core-columns-is-layout-9d6595d7 wp-block-columns-is-layout-flex\">\n<div class=\"wp-block-column is-layout-flow wp-block-column-is-layout-flow\" style=\"flex-basis:100%\">\n<div class=\"wp-block-columns is-layout-flex wp-container-core-columns-is-layout-9d6595d7 wp-block-columns-is-layout-flex\">\n<div class=\"wp-block-column is-layout-flow wp-block-column-is-layout-flow\"><\/div>\n\n\n\n<div class=\"wp-block-column is-layout-flow wp-block-column-is-layout-flow\"><\/div>\n<\/div>\n\n\n\n<div class=\"wp-block-columns is-layout-flex wp-container-core-columns-is-layout-9d6595d7 wp-block-columns-is-layout-flex\">\n<div class=\"wp-block-column is-layout-flow wp-block-column-is-layout-flow\">\n<p>Firma <strong>WALDORF STUDIO Waldemar Stra\u017cy\u0144ski<\/strong> dzia\u0142a nieprzerwanie od 1995 roku.<br>W tym czasie zaufa\u0142y nam setki klient\u00f3w dlatego zapraszamy r\u00f3wnie\u017c Pa\u0144stwa do wsp\u00f3\u0142pracy.<\/p>\n\n\n\n<h6 class=\"wp-block-heading\" id=\"dane-adresowe\"><strong>Dane adresowe:<\/strong><\/h6>\n\n\n\n<p>WALDORF STUDIO Waldemar Stra\u017cy\u0144ski<br>ul. \u0141\u0105kowa 16<br>64-360 Zb\u0105szy\u0144<br>VAT PL9231006763<br>email: sklep@waldorf-studio.pl<br>tel. 602 761 173<\/p>\n\n\n\n<h6 class=\"wp-block-heading\" id=\"nr-konta-bankowego\"><strong>Nr konta bankowego:<\/strong><\/h6>\n\n\n\n<p>94 2490 0005 0000 4530 9611 4138<br>Alior Bank S.A. Centrala<\/p>\n<\/div>\n\n\n\n<div class=\"wp-block-column is-layout-flow wp-block-column-is-layout-flow\"><\/div>\n<\/div>\n<\/div>\n<\/div>\n\n\n\n<figure class=\"wp-block-gallery has-nested-images columns-default is-cropped wp-block-gallery-1 is-layout-flex wp-block-gallery-is-layout-flex\">\n<figure class=\"wp-block-image size-large\"><a href=\"https:\/\/waldorf-studio.pl\/wp-content\/uploads\/2022\/04\/P1053475-scaled.jpg\"><img loading=\"lazy\" decoding=\"async\" width=\"1024\" height=\"683\" data-id=\"1139\" src=\"https:\/\/waldorf-studio.pl\/wp-content\/uploads\/2022\/04\/P1053475-1024x683.jpg\" alt=\"\" class=\"wp-image-1139\" srcset=\"https:\/\/waldorf-studio.pl\/wp-content\/uploads\/2022\/04\/P1053475-1024x683.jpg 1024w, https:\/\/waldorf-studio.pl\/wp-content\/uploads\/2022\/04\/P1053475-600x400.jpg 600w, https:\/\/waldorf-studio.pl\/wp-content\/uploads\/2022\/04\/P1053475-300x200.jpg 300w, https:\/\/waldorf-studio.pl\/wp-content\/uploads\/2022\/04\/P1053475-768x512.jpg 768w, https:\/\/waldorf-studio.pl\/wp-content\/uploads\/2022\/04\/P1053475-1536x1024.jpg 1536w, https:\/\/waldorf-studio.pl\/wp-content\/uploads\/2022\/04\/P1053475-2048x1365.jpg 2048w\" sizes=\"auto, (max-width: 1024px) 100vw, 1024px\" \/><\/a><\/figure>\n\n\n\n<figure class=\"wp-block-image size-large\"><a href=\"https:\/\/waldorf-studio.pl\/wp-content\/uploads\/2022\/04\/IMG_4867.jpg\"><img loading=\"lazy\" decoding=\"async\" width=\"1024\" height=\"768\" data-id=\"1132\" src=\"https:\/\/waldorf-studio.pl\/wp-content\/uploads\/2022\/04\/IMG_4867-1024x768.jpg\" alt=\"\" class=\"wp-image-1132\" srcset=\"https:\/\/waldorf-studio.pl\/wp-content\/uploads\/2022\/04\/IMG_4867-1024x768.jpg 1024w, https:\/\/waldorf-studio.pl\/wp-content\/uploads\/2022\/04\/IMG_4867-600x450.jpg 600w, https:\/\/waldorf-studio.pl\/wp-content\/uploads\/2022\/04\/IMG_4867-300x225.jpg 300w, https:\/\/waldorf-studio.pl\/wp-content\/uploads\/2022\/04\/IMG_4867-768x576.jpg 768w, https:\/\/waldorf-studio.pl\/wp-content\/uploads\/2022\/04\/IMG_4867-1536x1152.jpg 1536w, https:\/\/waldorf-studio.pl\/wp-content\/uploads\/2022\/04\/IMG_4867-2048x1536.jpg 2048w\" sizes=\"auto, (max-width: 1024px) 100vw, 1024px\" \/><\/a><\/figure>\n\n\n\n<figure class=\"wp-block-image size-large\"><a href=\"https:\/\/waldorf-studio.pl\/wp-content\/uploads\/2022\/04\/R1013856-scaled.jpg\"><img loading=\"lazy\" decoding=\"async\" width=\"1024\" height=\"590\" data-id=\"1131\" src=\"https:\/\/waldorf-studio.pl\/wp-content\/uploads\/2022\/04\/R1013856-1024x590.jpg\" alt=\"\" class=\"wp-image-1131\" srcset=\"https:\/\/waldorf-studio.pl\/wp-content\/uploads\/2022\/04\/R1013856-1024x590.jpg 1024w, https:\/\/waldorf-studio.pl\/wp-content\/uploads\/2022\/04\/R1013856-600x346.jpg 600w, https:\/\/waldorf-studio.pl\/wp-content\/uploads\/2022\/04\/R1013856-300x173.jpg 300w, https:\/\/waldorf-studio.pl\/wp-content\/uploads\/2022\/04\/R1013856-768x443.jpg 768w, https:\/\/waldorf-studio.pl\/wp-content\/uploads\/2022\/04\/R1013856-1536x885.jpg 1536w, https:\/\/waldorf-studio.pl\/wp-content\/uploads\/2022\/04\/R1013856-2048x1180.jpg 2048w\" sizes=\"auto, (max-width: 1024px) 100vw, 1024px\" \/><\/a><\/figure>\n\n\n\n<figure class=\"wp-block-image size-large\"><a href=\"https:\/\/waldorf-studio.pl\/wp-content\/uploads\/2022\/04\/P1053484-scaled.jpg\"><img loading=\"lazy\" decoding=\"async\" width=\"1024\" height=\"683\" data-id=\"1138\" src=\"https:\/\/waldorf-studio.pl\/wp-content\/uploads\/2022\/04\/P1053484-1024x683.jpg\" alt=\"\" class=\"wp-image-1138\" srcset=\"https:\/\/waldorf-studio.pl\/wp-content\/uploads\/2022\/04\/P1053484-1024x683.jpg 1024w, https:\/\/waldorf-studio.pl\/wp-content\/uploads\/2022\/04\/P1053484-600x400.jpg 600w, https:\/\/waldorf-studio.pl\/wp-content\/uploads\/2022\/04\/P1053484-300x200.jpg 300w, https:\/\/waldorf-studio.pl\/wp-content\/uploads\/2022\/04\/P1053484-768x512.jpg 768w, https:\/\/waldorf-studio.pl\/wp-content\/uploads\/2022\/04\/P1053484-1536x1024.jpg 1536w, https:\/\/waldorf-studio.pl\/wp-content\/uploads\/2022\/04\/P1053484-2048x1365.jpg 2048w\" sizes=\"auto, (max-width: 1024px) 100vw, 1024px\" \/><\/a><\/figure>\n\n\n\n<figure class=\"wp-block-image size-large\"><a href=\"https:\/\/waldorf-studio.pl\/wp-content\/uploads\/2022\/04\/P1053503-2.jpg\"><img loading=\"lazy\" decoding=\"async\" width=\"1024\" height=\"683\" data-id=\"1163\" src=\"https:\/\/waldorf-studio.pl\/wp-content\/uploads\/2022\/04\/P1053503-2-1024x683.jpg\" alt=\"\" class=\"wp-image-1163\" srcset=\"https:\/\/waldorf-studio.pl\/wp-content\/uploads\/2022\/04\/P1053503-2-1024x683.jpg 1024w, https:\/\/waldorf-studio.pl\/wp-content\/uploads\/2022\/04\/P1053503-2-600x400.jpg 600w, https:\/\/waldorf-studio.pl\/wp-content\/uploads\/2022\/04\/P1053503-2-300x200.jpg 300w, https:\/\/waldorf-studio.pl\/wp-content\/uploads\/2022\/04\/P1053503-2-768x512.jpg 768w, https:\/\/waldorf-studio.pl\/wp-content\/uploads\/2022\/04\/P1053503-2-1536x1024.jpg 1536w, https:\/\/waldorf-studio.pl\/wp-content\/uploads\/2022\/04\/P1053503-2.jpg 1600w\" sizes=\"auto, (max-width: 1024px) 100vw, 1024px\" \/><\/a><\/figure>\n<\/figure>\n\n\n\n<hr class=\"wp-block-separator has-text-color has-css-opacity has-background is-style-default\" style=\"background-color:#848484;color:#848484\"\/>\n","protected":false},"excerpt":{"rendered":"<p>Firma WALDORF STUDIO Waldemar Stra\u017cy\u0144ski dzia\u0142a nieprzerwanie od 1995 roku.W tym czasie zaufa\u0142y nam setki klient\u00f3w dlatego zapraszamy r\u00f3wnie\u017c Pa\u0144stwa do wsp\u00f3\u0142pracy. Dane adresowe: WALDORF STUDIO Waldemar Stra\u017cy\u0144skiul. \u0141\u0105kowa 1664-360 Zb\u0105szy\u0144VAT PL9231006763email: sklep@waldorf-studio.pltel. 602 761 173 Nr konta bankowego: 94 2490 0005 0000 4530 9611 4138Alior Bank S.A. Centrala<\/p>\n","protected":false},"author":1,"featured_media":0,"parent":0,"menu_order":0,"comment_status":"closed","ping_status":"closed","template":"","meta":{"footnotes":""},"class_list":["post-142","page","type-page","status-publish","hentry"],"aioseo_notices":[],"jetpack_sharing_enabled":true,"_links":{"self":[{"href":"https:\/\/waldorf-studio.pl\/index.php\/wp-json\/wp\/v2\/pages\/142","targetHints":{"allow":["GET"]}}],"collection":[{"href":"https:\/\/waldorf-studio.pl\/index.php\/wp-json\/wp\/v2\/pages"}],"about":[{"href":"https:\/\/waldorf-studio.pl\/index.php\/wp-json\/wp\/v2\/types\/page"}],"author":[{"embeddable":true,"href":"https:\/\/waldorf-studio.pl\/index.php\/wp-json\/wp\/v2\/users\/1"}],"replies":[{"embeddable":true,"href":"https:\/\/waldorf-studio.pl\/index.php\/wp-json\/wp\/v2\/comments?post=142"}],"version-history":[{"count":10,"href":"https:\/\/waldorf-studio.pl\/index.php\/wp-json\/wp\/v2\/pages\/142\/revisions"}],"predecessor-version":[{"id":1479,"href":"https:\/\/waldorf-studio.pl\/index.php\/wp-json\/wp\/v2\/pages\/142\/revisions\/1479"}],"wp:attachment":[{"href":"https:\/\/waldorf-studio.pl\/index.php\/wp-json\/wp\/v2\/media?parent=142"}],"curies":[{"name":"wp","href":"https:\/\/api.w.org\/{rel}","templated":true}]}}