{"id":172,"date":"2021-02-20T17:50:51","date_gmt":"2021-02-20T16:50:51","guid":{"rendered":"http:\/\/waldorf-studio.pl\/?page_id=172"},"modified":"2023-04-15T19:50:43","modified_gmt":"2023-04-15T17:50:43","slug":"wsparcie","status":"publish","type":"page","link":"https:\/\/waldorf-studio.pl\/index.php\/wsparcie\/","title":{"rendered":"Wsparcie"},"content":{"rendered":"\n<h2 class=\"wp-block-heading\" id=\"komunikaty-techniczne\"><a href=\"https:\/\/waldorf-studio.pl\/index.php\/category\/komunikaty-techniczne\/\"><mark style=\"background-color:rgba(0, 0, 0, 0)\" class=\"has-inline-color has-vivid-red-color\"><strong>Komunikaty<\/strong><\/mark><\/a><\/h2>\n\n\n\n<hr class=\"wp-block-separator has-css-opacity\"\/>\n\n\n<ul class=\"wp-block-latest-posts__list wp-block-latest-posts\"><li><a class=\"wp-block-latest-posts__post-title\" href=\"https:\/\/waldorf-studio.pl\/index.php\/2023\/04\/20\/tally-light-system-2-0-na-targach-film-video-foto-2023\/\">Tally Light System 2.0 na Targach Film Video Foto 2023<\/a><\/li>\n<li><a class=\"wp-block-latest-posts__post-title\" href=\"https:\/\/waldorf-studio.pl\/index.php\/2023\/04\/04\/tally-gpi-interface-dla-systemu-roland\/\">Tally GPI Interface &#8211; dla systemu Roland<\/a><\/li>\n<li><a class=\"wp-block-latest-posts__post-title\" href=\"https:\/\/waldorf-studio.pl\/index.php\/2023\/01\/10\/ptz-controller-pierwszy-egzemplarz-produkcyjny\/\">PTZ Mini Controller &#8211; pierwszy egzemplarz produkcyjny<\/a><\/li>\n<li><a class=\"wp-block-latest-posts__post-title\" href=\"https:\/\/waldorf-studio.pl\/index.php\/2023\/01\/04\/visca-controller-nowosc-2023\/\">Visca Controller &#8211; Nowo\u015b\u0107 2023<\/a><\/li>\n<li><a class=\"wp-block-latest-posts__post-title\" href=\"https:\/\/waldorf-studio.pl\/index.php\/2022\/05\/05\/tally-light-system-v2-0-for-atem\/\">Tally Light System V2.0 for Atem<\/a><\/li>\n<li><a class=\"wp-block-latest-posts__post-title\" href=\"https:\/\/waldorf-studio.pl\/index.php\/2022\/05\/03\/tally-light-system-2-0-dla-mikserow-roland-ze-smart-tally\/\">Tally Light System 2.0 dla mikser\u00f3w Roland ze Smart Tally<\/a><\/li>\n<li><a class=\"wp-block-latest-posts__post-title\" href=\"https:\/\/waldorf-studio.pl\/index.php\/2022\/04\/30\/instrukcja-wprowadzania-licencji-multi-i-mega-oraz-zmiana-systemu\/\">Instrukcja wprowadzania licencji MULTI  i MEGA oraz zmiana systemu.<\/a><\/li>\n<li><a class=\"wp-block-latest-posts__post-title\" href=\"https:\/\/waldorf-studio.pl\/index.php\/2022\/04\/23\/tally-light-system-2-0-wersje-multi-i-mega\/\">Tally Light System 2.0 &#8211; wersje MULTI i MEGA<\/a><\/li>\n<li><a class=\"wp-block-latest-posts__post-title\" href=\"https:\/\/waldorf-studio.pl\/index.php\/2022\/02\/12\/tally-light-system-v2-0-pierwszy-egzemplarz-produkcyjny\/\">Tally Light System V2.0 &#8211; pierwszy egzemplarz produkcyjny<\/a><\/li>\n<li><a class=\"wp-block-latest-posts__post-title\" href=\"https:\/\/waldorf-studio.pl\/index.php\/2022\/02\/10\/koncowe-testy-zasilania-tally-light-system-v2-0\/\">Ko\u0144cowe testy zasilania &#8211; Tally Light System V2.0<\/a><\/li>\n<\/ul>\n\n\n<hr class=\"wp-block-separator has-css-opacity\"\/>\n\n\n\n<h2 class=\"wp-block-heading\" id=\"oprogramowanie-ukladowe\"><strong>Oprogramowanie uk\u0142adowe:<\/strong><\/h2>\n\n\n\n<div style=\"height:18px\" aria-hidden=\"true\" class=\"wp-block-spacer\"><\/div>\n\n\n<p><strong>Oprogramowanie uk\u0142adowe dla ATEM Tally Light V3:<\/strong><br data-rich-text-line-break=\"true\">&#8211; dodana sekwencja startowa WRGBPY<br data-rich-text-line-break=\"true\">&#8211; poprawiona komunikacja<br data-rich-text-line-break=\"true\">&#8211; poprawiony dost\u0119p do trybu softAP<\/p>\n\n\n<div class=\"wp-block-file\"><a id=\"wp-block-file--media-d50638b9-7bd9-4afd-9a2f-30473f846edd\" href=\"http:\/\/waldorf-studio.pl\/wp-content\/uploads\/2021\/02\/TallyLight.zip\">Paczka instalacyjna z oprogramowaniem uk\u0142adowym &#8211; ATEM Tally Light wersja V3 PL<\/a><a href=\"http:\/\/waldorf-studio.pl\/wp-content\/uploads\/2021\/02\/TallyLight.zip\" class=\"wp-block-file__button wp-element-button\" download aria-describedby=\"wp-block-file--media-d50638b9-7bd9-4afd-9a2f-30473f846edd\">Pobierz<\/a><\/div>\n\n\n\n<p>Oprogramowanie urz\u0105dzenia jest projektem autorstwa: <strong>Aron Het Lam<\/strong>: <a href=\"https:\/\/github.com\/AronHetLam\/ATEM_tally_light_with_ESP8266\">https:\/\/github.com\/AronHetLam\/ATEM_tally_light_with_ESP8266<\/a> z modyfikacjami oraz t\u0142umaczeniem <strong>Waldorf Studio<\/strong> na licencji <strong>GNU GPL v3<\/strong> (<a href=\"https:\/\/www.gnu.org\/licenses\">https:\/\/www.gnu.org\/licenses<\/a>) W projekcie u\u017cyto bibliotek ATEM dla Arduino firmy <a href=\"https:\/\/www.skaarhoj.com\/\">SKAARHOJ,<\/a> dost\u0119pnych w repozytorium Git: <a href=\"https:\/\/github.com\/kasperskaarhoj\/SKAARHOJ-Open-Engineering\">https:\/\/github.com\/kasperskaarhoj\/SKAARHOJ-Open-Engineering<\/a><br>kod \u017ar\u00f3d\u0142owy oprogramowania: <a href=\"https:\/\/waldorf-studio.pl\/index.php\/atem-tally-kod-zrodlowy\/\">https:\/\/waldorf-studio.pl\/index.php\/atem-tally-kod-zrodlowy\/<\/a><\/p>\n\n\n\n<h2 class=\"wp-block-heading\" id=\"instrukcje-obslugi\"><strong>Instrukcje obs\u0142ugi<\/strong>:<\/h2>\n\n\n\n<hr class=\"wp-block-separator has-css-opacity\"\/>\n\n\n\n<div data-wp-interactive=\"core\/file\" class=\"wp-block-file\"><object data-wp-bind--hidden=\"!state.hasPdfPreview\" hidden class=\"wp-block-file__embed\" data=\"https:\/\/waldorf-studio.pl\/wp-content\/uploads\/2023\/04\/Tally-GPI-Interface-EN.pdf\" type=\"application\/pdf\" style=\"width:100%;height:600px\" aria-label=\"Osadzone z Tally-GPI-Interface-EN.\"><\/object><a id=\"wp-block-file--media-a13c81e9-a111-4bcf-b9e4-a8eb62f1bcbe\" href=\"https:\/\/waldorf-studio.pl\/wp-content\/uploads\/2023\/04\/Tally-GPI-Interface-EN.pdf\">Tally-GPI-Interface-EN<\/a><a href=\"https:\/\/waldorf-studio.pl\/wp-content\/uploads\/2023\/04\/Tally-GPI-Interface-EN.pdf\" class=\"wp-block-file__button wp-element-button\" download aria-describedby=\"wp-block-file--media-a13c81e9-a111-4bcf-b9e4-a8eb62f1bcbe\">Pobierz<\/a><\/div>\n\n\n\n<div data-wp-interactive=\"core\/file\" class=\"wp-block-file\"><object data-wp-bind--hidden=\"!state.hasPdfPreview\" hidden class=\"wp-block-file__embed\" data=\"https:\/\/waldorf-studio.pl\/wp-content\/uploads\/2023\/04\/Tally-GPI-Interface-Instrukcja.pdf\" type=\"application\/pdf\" style=\"width:100%;height:600px\" aria-label=\"Osadzone z Tally GPI Interface Instrukcja.\"><\/object><a id=\"wp-block-file--media-a13c81e9-a111-4bcf-b9e4-a8eb62f1bcbe\" href=\"https:\/\/waldorf-studio.pl\/wp-content\/uploads\/2023\/04\/Tally-GPI-Interface-Instrukcja.pdf\">Tally GPI Interface Instrukcja<\/a><a href=\"https:\/\/waldorf-studio.pl\/wp-content\/uploads\/2023\/04\/Tally-GPI-Interface-Instrukcja.pdf\" class=\"wp-block-file__button wp-element-button\" download aria-describedby=\"wp-block-file--media-a13c81e9-a111-4bcf-b9e4-a8eb62f1bcbe\">Pobierz<\/a><\/div>\n\n\n\n<div data-wp-interactive=\"core\/file\" class=\"wp-block-file\"><object data-wp-bind--hidden=\"!state.hasPdfPreview\" hidden class=\"wp-block-file__embed\" data=\"https:\/\/waldorf-studio.pl\/wp-content\/uploads\/2023\/01\/PTZ-Mini-Controller-instrukcja-PL.pdf\" type=\"application\/pdf\" style=\"width:100%;height:600px\" aria-label=\"Osadzone z PTZ Mini Controller instrukcja PL.\"><\/object><a id=\"wp-block-file--media-a13c81e9-a111-4bcf-b9e4-a8eb62f1bcbe\" href=\"https:\/\/waldorf-studio.pl\/wp-content\/uploads\/2023\/01\/PTZ-Mini-Controller-instrukcja-PL.pdf\">PTZ Mini Controller instrukcja PL<\/a><a href=\"https:\/\/waldorf-studio.pl\/wp-content\/uploads\/2023\/01\/PTZ-Mini-Controller-instrukcja-PL.pdf\" class=\"wp-block-file__button wp-element-button\" download aria-describedby=\"wp-block-file--media-a13c81e9-a111-4bcf-b9e4-a8eb62f1bcbe\">Pobierz<\/a><\/div>\n\n\n\n<div data-wp-interactive=\"core\/file\" class=\"wp-block-file\"><object data-wp-bind--hidden=\"!state.hasPdfPreview\" hidden class=\"wp-block-file__embed\" data=\"https:\/\/waldorf-studio.pl\/wp-content\/uploads\/2022\/11\/Tally-V2.0-instrukcja-PL.pdf\" type=\"application\/pdf\" style=\"width:100%;height:600px\" aria-label=\"Osadzone z Tally V2.0 instrukcja PL.\"><\/object><a id=\"wp-block-file--media-1ee7733c-d4b6-4a55-a138-07121419ddda\" href=\"https:\/\/waldorf-studio.pl\/wp-content\/uploads\/2022\/11\/Tally-V2.0-instrukcja-PL.pdf\">Tally V2.0 instrukcja PL<\/a><a href=\"https:\/\/waldorf-studio.pl\/wp-content\/uploads\/2022\/11\/Tally-V2.0-instrukcja-PL.pdf\" class=\"wp-block-file__button wp-element-button\" download aria-describedby=\"wp-block-file--media-1ee7733c-d4b6-4a55-a138-07121419ddda\">Pobierz<\/a><\/div>\n\n\n\n<div data-wp-interactive=\"core\/file\" class=\"wp-block-file\"><object data-wp-bind--hidden=\"!state.hasPdfPreview\" hidden class=\"wp-block-file__embed\" data=\"https:\/\/waldorf-studio.pl\/wp-content\/uploads\/2022\/11\/Tally-V2.0-instrukcja-EN.pdf\" type=\"application\/pdf\" style=\"width:100%;height:600px\" aria-label=\"Osadzone z Tally V2.0 instrukcja EN.\"><\/object><a id=\"wp-block-file--media-1ee7733c-d4b6-4a55-a138-07121419ddda\" href=\"https:\/\/waldorf-studio.pl\/wp-content\/uploads\/2022\/11\/Tally-V2.0-instrukcja-EN.pdf\">Tally V2.0 instrukcja EN<\/a><a href=\"https:\/\/waldorf-studio.pl\/wp-content\/uploads\/2022\/11\/Tally-V2.0-instrukcja-EN.pdf\" class=\"wp-block-file__button wp-element-button\" download aria-describedby=\"wp-block-file--media-1ee7733c-d4b6-4a55-a138-07121419ddda\">Pobierz<\/a><\/div>\n\n\n\n<div data-wp-interactive=\"core\/file\" class=\"wp-block-file\"><object data-wp-bind--hidden=\"!state.hasPdfPreview\" hidden class=\"wp-block-file__embed\" data=\"https:\/\/waldorf-studio.pl\/wp-content\/uploads\/2021\/02\/Atem-Tally-instrukcja-PL-V3.pdf\" type=\"application\/pdf\" style=\"width:100%;height:600px\" aria-label=\"Osadzone z Atem-Tally-instrukcja-PL-V3.\"><\/object><a id=\"wp-block-file--media-1ee7733c-d4b6-4a55-a138-07121419ddda\" href=\"https:\/\/waldorf-studio.pl\/wp-content\/uploads\/2021\/02\/Atem-Tally-instrukcja-PL-V3.pdf\">Atem-Tally-instrukcja-PL-V3<\/a><a href=\"https:\/\/waldorf-studio.pl\/wp-content\/uploads\/2021\/02\/Atem-Tally-instrukcja-PL-V3.pdf\" class=\"wp-block-file__button wp-element-button\" download aria-describedby=\"wp-block-file--media-1ee7733c-d4b6-4a55-a138-07121419ddda\">Pobierz<\/a><\/div>\n\n\n\n<div data-wp-interactive=\"core\/file\" class=\"wp-block-file\"><object data-wp-bind--hidden=\"!state.hasPdfPreview\" hidden class=\"wp-block-file__embed\" data=\"https:\/\/waldorf-studio.pl\/wp-content\/uploads\/2021\/02\/vMix-Tally-instrukcja-PL-V1.0.pdf\" type=\"application\/pdf\" style=\"width:100%;height:600px\" aria-label=\"Osadzone z vMix Tally instrukcja PL- V1.0.\"><\/object><a id=\"wp-block-file--media-3d4f59b4-d5c5-4dc4-807f-43c86ad0c9f0\" href=\"https:\/\/waldorf-studio.pl\/wp-content\/uploads\/2021\/02\/vMix-Tally-instrukcja-PL-V1.0.pdf\">vMix Tally instrukcja PL- V1.0<\/a><a href=\"https:\/\/waldorf-studio.pl\/wp-content\/uploads\/2021\/02\/vMix-Tally-instrukcja-PL-V1.0.pdf\" class=\"wp-block-file__button wp-element-button\" download aria-describedby=\"wp-block-file--media-3d4f59b4-d5c5-4dc4-807f-43c86ad0c9f0\">Pobierz<\/a><\/div>\n\n\n\n<div data-wp-interactive=\"core\/file\" class=\"wp-block-file\"><object data-wp-bind--hidden=\"!state.hasPdfPreview\" hidden class=\"wp-block-file__embed\" data=\"https:\/\/waldorf-studio.pl\/wp-content\/uploads\/2021\/04\/Wirecast-Tally-instrukcja-PL-V1.0.pdf\" type=\"application\/pdf\" style=\"width:100%;height:600px\" aria-label=\"Osadzone z Wirecast Tally instrukcja PL- V1.0.\"><\/object><a id=\"wp-block-file--media-7c5fa1e5-1b86-4560-b71d-038ea1bf5f84\" href=\"https:\/\/waldorf-studio.pl\/wp-content\/uploads\/2021\/04\/Wirecast-Tally-instrukcja-PL-V1.0.pdf\">Wirecast Tally instrukcja PL- V1.0<\/a><a href=\"https:\/\/waldorf-studio.pl\/wp-content\/uploads\/2021\/04\/Wirecast-Tally-instrukcja-PL-V1.0.pdf\" class=\"wp-block-file__button wp-element-button\" download aria-describedby=\"wp-block-file--media-7c5fa1e5-1b86-4560-b71d-038ea1bf5f84\">Pobierz<\/a><\/div>\n\n\n\n<div data-wp-interactive=\"core\/file\" class=\"wp-block-file\"><object data-wp-bind--hidden=\"!state.hasPdfPreview\" hidden class=\"wp-block-file__embed\" data=\"https:\/\/waldorf-studio.pl\/wp-content\/uploads\/2021\/07\/OBS-Tally-instrukcja-PL-V1.0.pdf\" type=\"application\/pdf\" style=\"width:100%;height:600px\" aria-label=\"Osadzone z OBS Tally instrukcja PL- V1.0.\"><\/object><a id=\"wp-block-file--media-1b8ec4ec-e0fa-4314-ac7b-7ffd2e2060e4\" href=\"https:\/\/waldorf-studio.pl\/wp-content\/uploads\/2021\/07\/OBS-Tally-instrukcja-PL-V1.0.pdf\">OBS Tally instrukcja PL- V1.0<\/a><a href=\"https:\/\/waldorf-studio.pl\/wp-content\/uploads\/2021\/07\/OBS-Tally-instrukcja-PL-V1.0.pdf\" class=\"wp-block-file__button wp-element-button\" download aria-describedby=\"wp-block-file--media-1b8ec4ec-e0fa-4314-ac7b-7ffd2e2060e4\">Pobierz<\/a><\/div>\n\n\n\n<h2 class=\"wp-block-heading\" id=\"filmy\"><strong>Filmy:<\/strong><\/h2>\n\n\n\n<hr class=\"wp-block-separator has-css-opacity\"\/>\n\n\n\n<div class=\"wp-block-columns is-layout-flex wp-container-core-columns-is-layout-9d6595d7 wp-block-columns-is-layout-flex\">\n<div class=\"wp-block-column is-vertically-aligned-center is-layout-flow wp-block-column-is-layout-flow\" style=\"flex-basis:50%\">\n<figure class=\"wp-block-embed is-type-video is-provider-youtube wp-block-embed-youtube wp-embed-aspect-16-9 wp-has-aspect-ratio\"><div class=\"wp-block-embed__wrapper\">\n<iframe loading=\"lazy\" title=\"ATEM Tally Light by WALDORF STUDIO - Sygnalizator ATEM\" width=\"832\" height=\"468\" src=\"https:\/\/www.youtube.com\/embed\/h5ziwkPMGCc?feature=oembed\" frameborder=\"0\" allow=\"accelerometer; autoplay; clipboard-write; encrypted-media; gyroscope; picture-in-picture\" allowfullscreen><\/iframe>\n<\/div><\/figure>\n<\/div>\n\n\n\n<div class=\"wp-block-column is-layout-flow wp-block-column-is-layout-flow\" style=\"flex-basis:50%\">\n<figure class=\"wp-block-embed is-type-video is-provider-youtube wp-block-embed-youtube wp-embed-aspect-16-9 wp-has-aspect-ratio\"><div class=\"wp-block-embed__wrapper\">\n<iframe loading=\"lazy\" title=\"WALDORF STUDIO Tally Light for vMix\" width=\"832\" height=\"468\" src=\"https:\/\/www.youtube.com\/embed\/l4Xwubkh1yU?feature=oembed\" frameborder=\"0\" allow=\"accelerometer; autoplay; clipboard-write; encrypted-media; gyroscope; picture-in-picture\" allowfullscreen><\/iframe>\n<\/div><\/figure>\n<\/div>\n<\/div>\n","protected":false},"excerpt":{"rendered":"<p>Komunikaty Oprogramowanie uk\u0142adowe: Oprogramowanie uk\u0142adowe dla ATEM Tally Light V3:&#8211; dodana sekwencja startowa WRGBPY&#8211; poprawiona komunikacja&#8211; poprawiony dost\u0119p do trybu softAP Oprogramowanie urz\u0105dzenia jest projektem autorstwa: Aron Het Lam: https:\/\/github.com\/AronHetLam\/ATEM_tally_light_with_ESP8266 z modyfikacjami oraz t\u0142umaczeniem Waldorf Studio na licencji GNU GPL v3 (https:\/\/www.gnu.org\/licenses) W projekcie u\u017cyto bibliotek ATEM dla Arduino firmy SKAARHOJ, dost\u0119pnych w repozytorium Git: <a class=\"read-more\" href=\"https:\/\/waldorf-studio.pl\/index.php\/wsparcie\/\">Read More<\/a><\/p>\n","protected":false},"author":1,"featured_media":269,"parent":0,"menu_order":0,"comment_status":"closed","ping_status":"closed","template":"","meta":{"footnotes":""},"class_list":["post-172","page","type-page","status-publish","has-post-thumbnail","hentry"],"aioseo_notices":[],"jetpack_sharing_enabled":true,"_links":{"self":[{"href":"https:\/\/waldorf-studio.pl\/index.php\/wp-json\/wp\/v2\/pages\/172","targetHints":{"allow":["GET"]}}],"collection":[{"href":"https:\/\/waldorf-studio.pl\/index.php\/wp-json\/wp\/v2\/pages"}],"about":[{"href":"https:\/\/waldorf-studio.pl\/index.php\/wp-json\/wp\/v2\/types\/page"}],"author":[{"embeddable":true,"href":"https:\/\/waldorf-studio.pl\/index.php\/wp-json\/wp\/v2\/users\/1"}],"replies":[{"embeddable":true,"href":"https:\/\/waldorf-studio.pl\/index.php\/wp-json\/wp\/v2\/comments?post=172"}],"version-history":[{"count":9,"href":"https:\/\/waldorf-studio.pl\/index.php\/wp-json\/wp\/v2\/pages\/172\/revisions"}],"predecessor-version":[{"id":1461,"href":"https:\/\/waldorf-studio.pl\/index.php\/wp-json\/wp\/v2\/pages\/172\/revisions\/1461"}],"wp:featuredmedia":[{"embeddable":true,"href":"https:\/\/waldorf-studio.pl\/index.php\/wp-json\/wp\/v2\/media\/269"}],"wp:attachment":[{"href":"https:\/\/waldorf-studio.pl\/index.php\/wp-json\/wp\/v2\/media?parent=172"}],"curies":[{"name":"wp","href":"https:\/\/api.w.org\/{rel}","templated":true}]}}