{"id":1456,"date":"2023-04-08T12:40:06","date_gmt":"2023-04-08T10:40:06","guid":{"rendered":"https:\/\/waldorf-studio.pl\/?post_type=product&#038;p=1456"},"modified":"2024-06-16T15:54:47","modified_gmt":"2024-06-16T13:54:47","slug":"roland-tally-gpi","status":"publish","type":"product","link":"https:\/\/waldorf-studio.pl\/index.php\/produkt\/roland-tally-gpi\/","title":{"rendered":"&#8211; Tally GPI Interface dla Roland"},"content":{"rendered":"<h4>Tally GPI Interface dla Roland to o\u015bmiokana\u0142owy interfejs dla mikser\u00f3w wizyjnych\u00a0<strong>Roland\u2122\ufe0f<\/strong>\u00a0wsp\u00f3\u0142pracuj\u0105cy z wszystkimi mikserami wyposa\u017conymi w z\u0142\u0105cze Tally\/GPI.<\/h4>\n<h4>Urz\u0105dzenie zamienia sygna\u0142y z wyj\u015bcia Tally\/GPI na protok\u00f3\u0142 sterowania Lampkami Tally w standardzie vMix, co czyni go bardzo uniwersalnym. Jest kompatybilny z wszystkimi Tally Light vMix produkowanymi przez WALDORF STUDIO. Obs\u0142ugiwane s\u0105 tak\u017ce lampki innych producent\u00f3w komunikuj\u0105cych si\u0119 za pomoc\u0105 protoko\u0142u TCP\/IP w standardzie vMix.<\/h4>\n<h4>Interfejs dzia\u0142a w sieci WiFi 2.4GHz w trybach AP (Access Point) oraz Client. W pierwszym przypadku tworzy on sie\u0107 WiFi, do kt\u00f3rej mog\u0105 bezpo\u015brednio \u0142\u0105czy\u0107 si\u0119 Tally Light bez konieczno\u015bci u\u017cywania zewn\u0119trznego routera\/ap. W trybie Client \u0142\u0105czymy si\u0119 z zewn\u0119trznym routerem\/ap, do kt\u00f3rego tak\u017ce pod\u0142\u0105czamy lampki Tally Light.<\/h4>\n<h4>Interfejs wyposa\u017cono w wy\u015bwietlacz OLED. Prezentuje on wszystkie informacje o stanie pracy oraz wy\u015bwietla w czasie rzeczywistym stan poszczeg\u00f3lnych o\u015bmiu wej\u015b\u0107 miksera.<\/h4>\n<h4>Dzi\u0119ki opcji Invert Trigger odwracaj\u0105cej sygna\u0142 steruj\u0105cy ze z\u0142\u0105cza GPI. interfejs mo\u017ce by\u0107 sterowany zar\u00f3wno stanem niskim jak i wysokim.<\/h4>\n<h4>Przyk\u0142ady obs\u0142ugiwanych mikser\u00f3w przez Tally GPI Interface dla Roland:<\/h4>\n<ul>\n<li>\n<h4><a href=\"https:\/\/proav.roland.com\/global\/products\/v-60hd\/\" target=\"_blank\" rel=\"noopener\">V60-HD<\/a><\/h4>\n<\/li>\n<li>\n<h4><a href=\"https:\/\/proav.roland.com\/global\/products\/v-600uhd\/\" target=\"_blank\" rel=\"noopener\">V600-UHD<\/a><\/h4>\n<\/li>\n<li>\n<h4><a href=\"https:\/\/proav.roland.com\/global\/products\/v-160hd\/\" target=\"_blank\" rel=\"noopener\">V160-HD<\/a><\/h4>\n<\/li>\n<\/ul>\n<h4>oraz inne modele za pomoc\u0105 odpowiednich przej\u015bci\u00f3wek lub bezpo\u015brednio.<\/h4>\n<h4>Parametry:<\/h4>\n<ul>\n<li>\n<h4>Napi\u0119cie z\u0142\u0105cza GPI \u2013 3.3V<\/h4>\n<\/li>\n<li>\n<h4>Maksymalny pr\u0105d z\u0142\u0105cza \u2013 10mA<\/h4>\n<\/li>\n<li>\n<h4>Zasilanie interfejsu: 5V ok 200mA<\/h4>\n<\/li>\n<li>\n<h4>Pasmo WiFi b\/g\/n \u2013 2.4GHz<\/h4>\n<\/li>\n<li>\n<h4>Ilo\u015b\u0107 obs\u0142ugiwanych kana\u0142\u00f3w Tally \u2013 8<\/h4>\n<\/li>\n<li>\n<h4>Ilo\u015b\u0107 gniazd sieciowych (socket) \u2013 8<\/h4>\n<\/li>\n<\/ul>\n<h4>W zestawie:<\/h4>\n<ul>\n<li>\n<h4>interfejs<\/h4>\n<\/li>\n<li>\n<h4>zasilacz sieciowy 5V<\/h4>\n<\/li>\n<\/ul>\n<h4><\/h4>\n<p>&nbsp;<\/p>\n<a href=\"https:\/\/waldorf-studio.pl\/wp-content\/uploads\/2023\/04\/Tally-GPI-Interface-Instrukcja.pdf\" class=\"pdfemb-viewer\" style=\"\" data-width=\"max\" data-height=\"max\" data-toolbar=\"bottom\" data-toolbar-fixed=\"off\">Tally GPI Interface Instrukcja<\/a>\n","protected":false},"excerpt":{"rendered":"<h4>Interfejs Tally dla mikser\u00f3w wizyjnych firmy Roland\u2122\ufe0f. \u00a0Urz\u0105dzenie obs\u0142uguje wszystkie miksery z wyj\u015bciem Tally\/GPI sterowane tzw. otwartym kolektorem.<\/h4>\n<h4>Interfejs jest kompatybilny z protoko\u0142em vMix i wszystkimi lampkami Tally Light produkcji WALDORF STUDIO a tak\u017ce innych producent\u00f3w u\u017cywaj\u0105cych tego protoko\u0142u i \u0142\u0105cz\u0105cych si\u0119 za pomoc\u0105 TCP\/IP.<\/h4>\n<p>&nbsp;<\/p>\n<p><strong>Instrukcja obs\u0142ugi: <\/strong><a href=\"https:\/\/waldorf-studio.pl\/wp-content\/uploads\/2023\/04\/Tally-GPI-Interface-Instrukcja.pdf\" target=\"_blank\" rel=\"noopener\"><strong><span style=\"color: #ff0000;\">pobierz<\/span><\/strong><\/a><\/p>\n<p><strong>Czas realizacji do 7 dni<\/strong><\/p>\n","protected":false},"featured_media":1425,"template":"","meta":[],"product_brand":[],"product_cat":[17],"product_tag":[36,35,24],"class_list":{"0":"post-1456","1":"product","2":"type-product","3":"status-publish","4":"has-post-thumbnail","6":"product_cat-elektronika","7":"product_tag-gpi","8":"product_tag-rolanad","9":"product_tag-tally","11":"first","12":"outofstock","13":"featured","14":"taxable","15":"shipping-taxable","16":"purchasable","17":"product-type-simple"},"aioseo_notices":[],"jetpack_sharing_enabled":true,"_links":{"self":[{"href":"https:\/\/waldorf-studio.pl\/index.php\/wp-json\/wp\/v2\/product\/1456","targetHints":{"allow":["GET"]}}],"collection":[{"href":"https:\/\/waldorf-studio.pl\/index.php\/wp-json\/wp\/v2\/product"}],"about":[{"href":"https:\/\/waldorf-studio.pl\/index.php\/wp-json\/wp\/v2\/types\/product"}],"wp:featuredmedia":[{"embeddable":true,"href":"https:\/\/waldorf-studio.pl\/index.php\/wp-json\/wp\/v2\/media\/1425"}],"wp:attachment":[{"href":"https:\/\/waldorf-studio.pl\/index.php\/wp-json\/wp\/v2\/media?parent=1456"}],"wp:term":[{"taxonomy":"product_brand","embeddable":true,"href":"https:\/\/waldorf-studio.pl\/index.php\/wp-json\/wp\/v2\/product_brand?post=1456"},{"taxonomy":"product_cat","embeddable":true,"href":"https:\/\/waldorf-studio.pl\/index.php\/wp-json\/wp\/v2\/product_cat?post=1456"},{"taxonomy":"product_tag","embeddable":true,"href":"https:\/\/waldorf-studio.pl\/index.php\/wp-json\/wp\/v2\/product_tag?post=1456"}],"curies":[{"name":"wp","href":"https:\/\/api.w.org\/{rel}","templated":true}]}}