{"id":1532,"date":"2024-06-23T17:14:52","date_gmt":"2024-06-23T15:14:52","guid":{"rendered":"https:\/\/waldorf-studio.pl\/?post_type=product&#038;p=1532"},"modified":"2025-11-12T17:32:48","modified_gmt":"2025-11-12T16:32:48","slug":"obudowa-tally-light-max","status":"publish","type":"product","link":"https:\/\/waldorf-studio.pl\/index.php\/produkt\/obudowa-tally-light-max\/","title":{"rendered":"Obudowa Tally Light MAX"},"content":{"rendered":"","protected":false},"excerpt":{"rendered":"<p>Kompletna obudowa do systemu WALDORF STUDIO Tally Light MAX.<br \/>\nObudowa wraz ze stopk\u0105 do monta\u017cu na kamerze lub aparacie.<\/p>\n<p>W przypadku aktualnego braku na stanie czas realizacji mo\u017ce si\u0119 wyd\u0142u\u017cy\u0107 do 7 dni<\/p>\n<h4><span style=\"color: #ff0000;\"><strong>Uwaga! Obudowa urz\u0105dzenia wykonana jest z ekologicznego materia\u0142u w technologii druku 3D maksymalna temperatura otoczenia w czasie pracy i przechowywania nie mo\u017ce przekroczy\u0107 45\u00b0C<\/strong><\/span><\/h4>\n","protected":false},"featured_media":444,"template":"","meta":[],"product_brand":[],"product_cat":[17],"product_tag":[19,20],"class_list":{"0":"post-1532","1":"product","2":"type-product","3":"status-publish","4":"has-post-thumbnail","6":"product_cat-elektronika","7":"product_tag-obudowa","8":"product_tag-tally-light","10":"first","11":"outofstock","12":"taxable","13":"shipping-taxable","14":"purchasable","15":"product-type-variable","16":"has-default-attributes"},"aioseo_notices":[],"jetpack_sharing_enabled":true,"_links":{"self":[{"href":"https:\/\/waldorf-studio.pl\/index.php\/wp-json\/wp\/v2\/product\/1532","targetHints":{"allow":["GET"]}}],"collection":[{"href":"https:\/\/waldorf-studio.pl\/index.php\/wp-json\/wp\/v2\/product"}],"about":[{"href":"https:\/\/waldorf-studio.pl\/index.php\/wp-json\/wp\/v2\/types\/product"}],"wp:featuredmedia":[{"embeddable":true,"href":"https:\/\/waldorf-studio.pl\/index.php\/wp-json\/wp\/v2\/media\/444"}],"wp:attachment":[{"href":"https:\/\/waldorf-studio.pl\/index.php\/wp-json\/wp\/v2\/media?parent=1532"}],"wp:term":[{"taxonomy":"product_brand","embeddable":true,"href":"https:\/\/waldorf-studio.pl\/index.php\/wp-json\/wp\/v2\/product_brand?post=1532"},{"taxonomy":"product_cat","embeddable":true,"href":"https:\/\/waldorf-studio.pl\/index.php\/wp-json\/wp\/v2\/product_cat?post=1532"},{"taxonomy":"product_tag","embeddable":true,"href":"https:\/\/waldorf-studio.pl\/index.php\/wp-json\/wp\/v2\/product_tag?post=1532"}],"curies":[{"name":"wp","href":"https:\/\/api.w.org\/{rel}","templated":true}]}}