{"id":190,"date":"2021-02-20T20:58:47","date_gmt":"2021-02-20T19:58:47","guid":{"rendered":"http:\/\/waldorf-studio.pl\/?post_type=product&#038;p=190"},"modified":"2025-11-12T17:34:15","modified_gmt":"2025-11-12T16:34:15","slug":"obudowa-atem-tally-light","status":"publish","type":"product","link":"https:\/\/waldorf-studio.pl\/index.php\/produkt\/obudowa-atem-tally-light\/","title":{"rendered":"Obudowa ATEM Tally Light"},"content":{"rendered":"","protected":false},"excerpt":{"rendered":"<p>Oferta dla majsterkowicz\u00f3w lub cz\u0119\u015b\u0107 zamienna. Obudowa do systemu WALDORF STUDIO ATEM Tally Light.<br \/>\nObudowa w kolorze <strong>szarym<\/strong> wraz ze stopk\u0105 do monta\u017cu na kamerze lub aparacie.<\/p>\n<h4><span style=\"color: #ff0000;\"><strong>Uwaga! Obudowa urz\u0105dzenia wykonana jest z ekologicznego materia\u0142u w technologii druku 3D maksymalna temperatura otoczenia w czasie pracy i przechowywania nie mo\u017ce przekroczy\u0107 45\u00b0C<\/strong><\/span><\/h4>\n","protected":false},"featured_media":191,"template":"","meta":[],"product_brand":[],"product_cat":[17],"product_tag":[19,20],"class_list":{"0":"post-190","1":"product","2":"type-product","3":"status-publish","4":"has-post-thumbnail","6":"product_cat-elektronika","7":"product_tag-obudowa","8":"product_tag-tally-light","10":"first","11":"outofstock","12":"taxable","13":"shipping-taxable","14":"purchasable","15":"product-type-simple"},"aioseo_notices":[],"jetpack_sharing_enabled":true,"_links":{"self":[{"href":"https:\/\/waldorf-studio.pl\/index.php\/wp-json\/wp\/v2\/product\/190","targetHints":{"allow":["GET"]}}],"collection":[{"href":"https:\/\/waldorf-studio.pl\/index.php\/wp-json\/wp\/v2\/product"}],"about":[{"href":"https:\/\/waldorf-studio.pl\/index.php\/wp-json\/wp\/v2\/types\/product"}],"wp:featuredmedia":[{"embeddable":true,"href":"https:\/\/waldorf-studio.pl\/index.php\/wp-json\/wp\/v2\/media\/191"}],"wp:attachment":[{"href":"https:\/\/waldorf-studio.pl\/index.php\/wp-json\/wp\/v2\/media?parent=190"}],"wp:term":[{"taxonomy":"product_brand","embeddable":true,"href":"https:\/\/waldorf-studio.pl\/index.php\/wp-json\/wp\/v2\/product_brand?post=190"},{"taxonomy":"product_cat","embeddable":true,"href":"https:\/\/waldorf-studio.pl\/index.php\/wp-json\/wp\/v2\/product_cat?post=190"},{"taxonomy":"product_tag","embeddable":true,"href":"https:\/\/waldorf-studio.pl\/index.php\/wp-json\/wp\/v2\/product_tag?post=190"}],"curies":[{"name":"wp","href":"https:\/\/api.w.org\/{rel}","templated":true}]}}